{"id":44891,"date":"2026-01-16T12:45:47","date_gmt":"2026-01-16T12:45:47","guid":{"rendered":"https:\/\/agensea.net\/?page_id=44891"},"modified":"2026-01-16T12:53:59","modified_gmt":"2026-01-16T12:53:59","slug":"imprint","status":"publish","type":"page","link":"https:\/\/agensea.net\/de\/imprint\/","title":{"rendered":"Imprint"},"content":{"rendered":"\t\t<div data-elementor-type=\"wp-page\" data-elementor-id=\"44891\" class=\"elementor elementor-44891\" data-elementor-post-type=\"page\">\n\t\t\t\t<div class=\"elementor-element elementor-element-5314578 e-flex e-con-boxed e-con e-parent\" data-id=\"5314578\" data-element_type=\"container\" data-e-type=\"container\" data-settings=\"{&quot;background_background&quot;:&quot;classic&quot;,&quot;background_motion_fx_motion_fx_scrolling&quot;:&quot;yes&quot;,&quot;background_motion_fx_translateX_effect&quot;:&quot;yes&quot;,&quot;background_motion_fx_translateX_speed&quot;:{&quot;unit&quot;:&quot;px&quot;,&quot;size&quot;:4,&quot;sizes&quot;:[]},&quot;background_motion_fx_translateX_affectedRange&quot;:{&quot;unit&quot;:&quot;%&quot;,&quot;size&quot;:&quot;&quot;,&quot;sizes&quot;:{&quot;start&quot;:0,&quot;end&quot;:100}},&quot;background_motion_fx_devices&quot;:[&quot;desktop&quot;,&quot;laptop&quot;,&quot;tablet&quot;,&quot;mobile&quot;]}\">\n\t\t\t\t\t<div class=\"e-con-inner\">\n\t\t\t\t<div class=\"elementor-element elementor-element-2a7b6c1 elementor-widget elementor-widget-heading\" data-id=\"2a7b6c1\" data-element_type=\"widget\" data-e-type=\"widget\" data-widget_type=\"heading.default\">\n\t\t\t\t<div class=\"elementor-widget-container\">\n\t\t\t\t\t<h1 class=\"elementor-heading-title elementor-size-default\">Imprint<\/h1>\t\t\t\t<\/div>\n\t\t\t\t<\/div>\n\t\t\t\t\t<\/div>\n\t\t\t\t<\/div>\n\t\t<div class=\"elementor-element elementor-element-7563440 e-flex e-con-boxed e-con e-parent\" data-id=\"7563440\" data-element_type=\"container\" data-e-type=\"container\">\n\t\t\t\t\t<div class=\"e-con-inner\">\n\t\t<div class=\"elementor-element elementor-element-ea7d31d e-con-full e-flex e-con e-child\" data-id=\"ea7d31d\" data-element_type=\"container\" data-e-type=\"container\" data-settings=\"{&quot;background_background&quot;:&quot;classic&quot;}\">\n\t\t\t\t<div class=\"elementor-element elementor-element-76cbdb4 elementor-widget elementor-widget-text-editor\" data-id=\"76cbdb4\" data-element_type=\"widget\" data-e-type=\"widget\" data-widget_type=\"text-editor.default\">\n\t\t\t\t<div class=\"elementor-widget-container\">\n\t\t\t\t\t\t\t\t\t<p>agenSEA ist ein Projekt der scaramanga GmbH<br \/>Cosimastra\u00dfe 121<br \/>81925 M\u00fcnchen<br \/><strong>Handelsregister:<\/strong> 164090<br \/><strong>Registergericht:<\/strong> Amtsgericht M\u00fcnchen<br \/><strong>Vertreten durch:<\/strong> Andreas Steinr\u00fccke<\/p>\t\t\t\t\t\t\t\t<\/div>\n\t\t\t\t<\/div>\n\t\t\t\t<div class=\"elementor-element elementor-element-b96361c elementor-widget elementor-widget-heading\" data-id=\"b96361c\" data-element_type=\"widget\" data-e-type=\"widget\" data-widget_type=\"heading.default\">\n\t\t\t\t<div class=\"elementor-widget-container\">\n\t\t\t\t\t<h2 class=\"elementor-heading-title elementor-size-default\">Kontakt<\/h2>\t\t\t\t<\/div>\n\t\t\t\t<\/div>\n\t\t\t\t<div class=\"elementor-element elementor-element-a38e3ef elementor-widget elementor-widget-text-editor\" data-id=\"a38e3ef\" data-element_type=\"widget\" data-e-type=\"widget\" data-widget_type=\"text-editor.default\">\n\t\t\t\t<div class=\"elementor-widget-container\">\n\t\t\t\t\t\t\t\t\t<p><strong>Telefon:<\/strong> +49 (0) 171 32 43 788<br \/>E-Mail: info@agensea.net<\/p>\t\t\t\t\t\t\t\t<\/div>\n\t\t\t\t<\/div>\n\t\t\t\t<div class=\"elementor-element elementor-element-c626e8b elementor-widget-divider--view-line elementor-widget elementor-widget-divider\" data-id=\"c626e8b\" data-element_type=\"widget\" data-e-type=\"widget\" data-widget_type=\"divider.default\">\n\t\t\t\t<div class=\"elementor-widget-container\">\n\t\t\t\t\t\t\t<div class=\"elementor-divider\">\n\t\t\t<span class=\"elementor-divider-separator\">\n\t\t\t\t\t\t<\/span>\n\t\t<\/div>\n\t\t\t\t\t\t<\/div>\n\t\t\t\t<\/div>\n\t\t\t\t<div class=\"elementor-element elementor-element-c0b9977 elementor-widget elementor-widget-heading\" data-id=\"c0b9977\" data-element_type=\"widget\" data-e-type=\"widget\" data-widget_type=\"heading.default\">\n\t\t\t\t<div class=\"elementor-widget-container\">\n\t\t\t\t\t<h2 class=\"elementor-heading-title elementor-size-default\">Umsatzsteuer-ID<\/h2>\t\t\t\t<\/div>\n\t\t\t\t<\/div>\n\t\t\t\t<div class=\"elementor-element elementor-element-202b61c elementor-widget elementor-widget-text-editor\" data-id=\"202b61c\" data-element_type=\"widget\" data-e-type=\"widget\" data-widget_type=\"text-editor.default\">\n\t\t\t\t<div class=\"elementor-widget-container\">\n\t\t\t\t\t\t\t\t\t<p>Umsatzsteuer-Identifikationsnummer gem\u00e4\u00df \u00a7 27 a Umsatzsteuergesetz: <span style=\"color: #6b2e0f;\"><strong>DE 251470842<\/strong><\/span><\/p>\t\t\t\t\t\t\t\t<\/div>\n\t\t\t\t<\/div>\n\t\t\t\t<\/div>\n\t\t\t\t\t<\/div>\n\t\t\t\t<\/div>\n\t\t\t\t<\/div>\n\t\t","protected":false},"excerpt":{"rendered":"<p>Imprint agenSEA ist ein Projekt der scaramanga GmbHCosimastra\u00dfe 12181925 M\u00fcnchenHandelsregister: 164090Registergericht: Amtsgericht M\u00fcnchenVertreten durch: Andreas Steinr\u00fccke Kontakt Telefon: +49 (0) 171 32 43 788E-Mail: info@agensea.net Umsatzsteuer-ID Umsatzsteuer-Identifikationsnummer gem\u00e4\u00df \u00a7 27 a Umsatzsteuergesetz: DE 251470842<\/p>","protected":false},"author":1,"featured_media":0,"parent":0,"menu_order":0,"comment_status":"closed","ping_status":"closed","template":"","meta":{"footnotes":""},"class_list":["post-44891","page","type-page","status-publish","hentry"],"yoast_head":"<!-- This site is optimized with the Yoast SEO plugin v27.4 - https:\/\/yoast.com\/product\/yoast-seo-wordpress\/ -->\n<title>Imprint - AgenSEA<\/title>\n<meta name=\"robots\" content=\"index, follow, max-snippet:-1, max-image-preview:large, max-video-preview:-1\" \/>\n<link rel=\"canonical\" href=\"https:\/\/agensea.net\/de\/imprint\/\" \/>\n<meta property=\"og:locale\" content=\"de_DE\" \/>\n<meta property=\"og:type\" content=\"article\" \/>\n<meta property=\"og:title\" content=\"Imprint - AgenSEA\" \/>\n<meta property=\"og:description\" content=\"Imprint agenSEA ist ein Projekt der scaramanga GmbHCosimastra\u00dfe 12181925 M\u00fcnchenHandelsregister: 164090Registergericht: Amtsgericht M\u00fcnchenVertreten durch: Andreas Steinr\u00fccke Kontakt Telefon: +49 (0) 171 32 43 788E-Mail: info@agensea.net Umsatzsteuer-ID Umsatzsteuer-Identifikationsnummer gem\u00e4\u00df \u00a7 27 a Umsatzsteuergesetz: DE 251470842\" \/>\n<meta property=\"og:url\" content=\"https:\/\/agensea.net\/de\/imprint\/\" \/>\n<meta property=\"og:site_name\" content=\"AgenSEA\" \/>\n<meta property=\"article:modified_time\" content=\"2026-01-16T12:53:59+00:00\" \/>\n<meta name=\"twitter:card\" content=\"summary_large_image\" \/>\n<meta name=\"twitter:label1\" content=\"Gesch\u00e4tzte Lesezeit\" \/>\n\t<meta name=\"twitter:data1\" content=\"1\u00a0Minute\" \/>\n<script type=\"application\/ld+json\" class=\"yoast-schema-graph\">{\"@context\":\"https:\\\/\\\/schema.org\",\"@graph\":[{\"@type\":\"WebPage\",\"@id\":\"https:\\\/\\\/agensea.net\\\/imprint\\\/\",\"url\":\"https:\\\/\\\/agensea.net\\\/imprint\\\/\",\"name\":\"Imprint - AgenSEA\",\"isPartOf\":{\"@id\":\"https:\\\/\\\/agensea.net\\\/#website\"},\"datePublished\":\"2026-01-16T12:45:47+00:00\",\"dateModified\":\"2026-01-16T12:53:59+00:00\",\"breadcrumb\":{\"@id\":\"https:\\\/\\\/agensea.net\\\/imprint\\\/#breadcrumb\"},\"inLanguage\":\"de\",\"potentialAction\":[{\"@type\":\"ReadAction\",\"target\":[\"https:\\\/\\\/agensea.net\\\/imprint\\\/\"]}]},{\"@type\":\"BreadcrumbList\",\"@id\":\"https:\\\/\\\/agensea.net\\\/imprint\\\/#breadcrumb\",\"itemListElement\":[{\"@type\":\"ListItem\",\"position\":1,\"name\":\"Accueil\",\"item\":\"https:\\\/\\\/agensea.net\\\/\"},{\"@type\":\"ListItem\",\"position\":2,\"name\":\"Imprint\"}]},{\"@type\":\"WebSite\",\"@id\":\"https:\\\/\\\/agensea.net\\\/#website\",\"url\":\"https:\\\/\\\/agensea.net\\\/\",\"name\":\"AgenSEA\",\"description\":\"\",\"publisher\":{\"@id\":\"https:\\\/\\\/agensea.net\\\/#organization\"},\"potentialAction\":[{\"@type\":\"SearchAction\",\"target\":{\"@type\":\"EntryPoint\",\"urlTemplate\":\"https:\\\/\\\/agensea.net\\\/?s={search_term_string}\"},\"query-input\":{\"@type\":\"PropertyValueSpecification\",\"valueRequired\":true,\"valueName\":\"search_term_string\"}}],\"inLanguage\":\"de\"},{\"@type\":\"Organization\",\"@id\":\"https:\\\/\\\/agensea.net\\\/#organization\",\"name\":\"AgenSEA\",\"url\":\"https:\\\/\\\/agensea.net\\\/\",\"logo\":{\"@type\":\"ImageObject\",\"inLanguage\":\"de\",\"@id\":\"https:\\\/\\\/agensea.net\\\/#\\\/schema\\\/logo\\\/image\\\/\",\"url\":\"https:\\\/\\\/agensea.net\\\/wp-content\\\/uploads\\\/2025\\\/06\\\/cropped-Logo-AgenSEA_Gold-1.webp\",\"contentUrl\":\"https:\\\/\\\/agensea.net\\\/wp-content\\\/uploads\\\/2025\\\/06\\\/cropped-Logo-AgenSEA_Gold-1.webp\",\"width\":775,\"height\":151,\"caption\":\"AgenSEA\"},\"image\":{\"@id\":\"https:\\\/\\\/agensea.net\\\/#\\\/schema\\\/logo\\\/image\\\/\"}}]}<\/script>\n<!-- \/ Yoast SEO plugin. -->","yoast_head_json":{"title":"Imprint - AgenSEA","robots":{"index":"index","follow":"follow","max-snippet":"max-snippet:-1","max-image-preview":"max-image-preview:large","max-video-preview":"max-video-preview:-1"},"canonical":"https:\/\/agensea.net\/de\/imprint\/","og_locale":"de_DE","og_type":"article","og_title":"Imprint - AgenSEA","og_description":"Imprint agenSEA ist ein Projekt der scaramanga GmbHCosimastra\u00dfe 12181925 M\u00fcnchenHandelsregister: 164090Registergericht: Amtsgericht M\u00fcnchenVertreten durch: Andreas Steinr\u00fccke Kontakt Telefon: +49 (0) 171 32 43 788E-Mail: info@agensea.net Umsatzsteuer-ID Umsatzsteuer-Identifikationsnummer gem\u00e4\u00df \u00a7 27 a Umsatzsteuergesetz: DE 251470842","og_url":"https:\/\/agensea.net\/de\/imprint\/","og_site_name":"AgenSEA","article_modified_time":"2026-01-16T12:53:59+00:00","twitter_card":"summary_large_image","twitter_misc":{"Gesch\u00e4tzte Lesezeit":"1\u00a0Minute"},"schema":{"@context":"https:\/\/schema.org","@graph":[{"@type":"WebPage","@id":"https:\/\/agensea.net\/imprint\/","url":"https:\/\/agensea.net\/imprint\/","name":"Imprint - AgenSEA","isPartOf":{"@id":"https:\/\/agensea.net\/#website"},"datePublished":"2026-01-16T12:45:47+00:00","dateModified":"2026-01-16T12:53:59+00:00","breadcrumb":{"@id":"https:\/\/agensea.net\/imprint\/#breadcrumb"},"inLanguage":"de","potentialAction":[{"@type":"ReadAction","target":["https:\/\/agensea.net\/imprint\/"]}]},{"@type":"BreadcrumbList","@id":"https:\/\/agensea.net\/imprint\/#breadcrumb","itemListElement":[{"@type":"ListItem","position":1,"name":"Accueil","item":"https:\/\/agensea.net\/"},{"@type":"ListItem","position":2,"name":"Imprint"}]},{"@type":"WebSite","@id":"https:\/\/agensea.net\/#website","url":"https:\/\/agensea.net\/","name":"AgenSEA","description":"","publisher":{"@id":"https:\/\/agensea.net\/#organization"},"potentialAction":[{"@type":"SearchAction","target":{"@type":"EntryPoint","urlTemplate":"https:\/\/agensea.net\/?s={search_term_string}"},"query-input":{"@type":"PropertyValueSpecification","valueRequired":true,"valueName":"search_term_string"}}],"inLanguage":"de"},{"@type":"Organization","@id":"https:\/\/agensea.net\/#organization","name":"AgenSEA","url":"https:\/\/agensea.net\/","logo":{"@type":"ImageObject","inLanguage":"de","@id":"https:\/\/agensea.net\/#\/schema\/logo\/image\/","url":"https:\/\/agensea.net\/wp-content\/uploads\/2025\/06\/cropped-Logo-AgenSEA_Gold-1.webp","contentUrl":"https:\/\/agensea.net\/wp-content\/uploads\/2025\/06\/cropped-Logo-AgenSEA_Gold-1.webp","width":775,"height":151,"caption":"AgenSEA"},"image":{"@id":"https:\/\/agensea.net\/#\/schema\/logo\/image\/"}}]}},"_links":{"self":[{"href":"https:\/\/agensea.net\/de\/wp-json\/wp\/v2\/pages\/44891","targetHints":{"allow":["GET"]}}],"collection":[{"href":"https:\/\/agensea.net\/de\/wp-json\/wp\/v2\/pages"}],"about":[{"href":"https:\/\/agensea.net\/de\/wp-json\/wp\/v2\/types\/page"}],"author":[{"embeddable":true,"href":"https:\/\/agensea.net\/de\/wp-json\/wp\/v2\/users\/1"}],"replies":[{"embeddable":true,"href":"https:\/\/agensea.net\/de\/wp-json\/wp\/v2\/comments?post=44891"}],"version-history":[{"count":7,"href":"https:\/\/agensea.net\/de\/wp-json\/wp\/v2\/pages\/44891\/revisions"}],"predecessor-version":[{"id":44900,"href":"https:\/\/agensea.net\/de\/wp-json\/wp\/v2\/pages\/44891\/revisions\/44900"}],"wp:attachment":[{"href":"https:\/\/agensea.net\/de\/wp-json\/wp\/v2\/media?parent=44891"}],"curies":[{"name":"wp","href":"https:\/\/api.w.org\/{rel}","templated":true}]}}